{"id":261,"date":"2023-11-18T19:53:41","date_gmt":"2023-11-18T22:53:41","guid":{"rendered":"https:\/\/softconfort.com.br\/?page_id=261"},"modified":"2024-03-06T15:21:06","modified_gmt":"2024-03-06T18:21:06","slug":"clientes","status":"publish","type":"page","link":"https:\/\/softconfort.com.br\/?page_id=261","title":{"rendered":"Clientes"},"content":{"rendered":"\t\t<div data-elementor-type=\"wp-page\" data-elementor-id=\"261\" class=\"elementor elementor-261\" data-elementor-post-type=\"page\">\n\t\t\t\t<div class=\"elementor-element elementor-element-99ff330 e-flex e-con-boxed e-con e-parent\" data-id=\"99ff330\" data-element_type=\"container\" data-e-type=\"container\" data-settings=\"{&quot;background_background&quot;:&quot;classic&quot;}\">\n\t\t\t\t\t<div class=\"e-con-inner\">\n\t\t\t\t<div class=\"elementor-element elementor-element-8d8b3f4 elementor-widget elementor-widget-heading\" data-id=\"8d8b3f4\" data-element_type=\"widget\" data-e-type=\"widget\" data-widget_type=\"heading.default\">\n\t\t\t\t<div class=\"elementor-widget-container\">\n\t\t\t\t\t<h2 class=\"elementor-heading-title elementor-size-default\">Nossos Clientes<\/h2>\t\t\t\t<\/div>\n\t\t\t\t<\/div>\n\t\t\t\t<div class=\"elementor-element elementor-element-a562af8 elementor-widget elementor-widget-heading\" data-id=\"a562af8\" data-element_type=\"widget\" data-e-type=\"widget\" data-widget_type=\"heading.default\">\n\t\t\t\t<div class=\"elementor-widget-container\">\n\t\t\t\t\t<h2 class=\"elementor-heading-title elementor-size-default\">Em nossa jornada compartilhada, criamos tend\u00eancias e elevamos cada pe\u00e7a a um patamar de excel\u00eancia, transformando tecidos em express\u00f5es \u00fanicas de sucesso.<\/h2>\t\t\t\t<\/div>\n\t\t\t\t<\/div>\n\t\t\t\t\t<\/div>\n\t\t\t\t<\/div>\n\t\t<div class=\"elementor-element elementor-element-5797a63 e-grid e-con-boxed e-con e-parent\" data-id=\"5797a63\" data-element_type=\"container\" data-e-type=\"container\">\n\t\t\t\t\t<div class=\"e-con-inner\">\n\t\t\t\t<div class=\"elementor-element elementor-element-14abb70 elementor-widget elementor-widget-image\" data-id=\"14abb70\" data-element_type=\"widget\" data-e-type=\"widget\" data-widget_type=\"image.default\">\n\t\t\t\t<div class=\"elementor-widget-container\">\n\t\t\t\t\t\t\t\t\t\t\t\t<figure class=\"wp-caption\">\n\t\t\t\t\t\t\t\t\t\t<img fetchpriority=\"high\" decoding=\"async\" width=\"300\" height=\"350\" src=\"https:\/\/softconfort.com.br\/wp-content\/uploads\/2023\/12\/3.png\" class=\"attachment-large size-large wp-image-325\" alt=\"\" srcset=\"https:\/\/softconfort.com.br\/wp-content\/uploads\/2023\/12\/3.png 300w, https:\/\/softconfort.com.br\/wp-content\/uploads\/2023\/12\/3-257x300.png 257w\" sizes=\"(max-width: 300px) 100vw, 300px\" \/>\t\t\t\t\t\t\t\t\t\t\t<figcaption class=\"widget-image-caption wp-caption-text\">GRACIE BARRA<\/figcaption>\n\t\t\t\t\t\t\t\t\t\t<\/figure>\n\t\t\t\t\t\t\t\t\t<\/div>\n\t\t\t\t<\/div>\n\t\t\t\t<div class=\"elementor-element elementor-element-9be4b71 elementor-widget elementor-widget-image\" data-id=\"9be4b71\" data-element_type=\"widget\" data-e-type=\"widget\" data-widget_type=\"image.default\">\n\t\t\t\t<div class=\"elementor-widget-container\">\n\t\t\t\t\t\t\t\t\t\t\t\t<figure class=\"wp-caption\">\n\t\t\t\t\t\t\t\t\t\t<img decoding=\"async\" width=\"300\" height=\"350\" src=\"https:\/\/softconfort.com.br\/wp-content\/uploads\/2023\/12\/5.png\" class=\"attachment-large size-large wp-image-327\" alt=\"\" srcset=\"https:\/\/softconfort.com.br\/wp-content\/uploads\/2023\/12\/5.png 300w, https:\/\/softconfort.com.br\/wp-content\/uploads\/2023\/12\/5-257x300.png 257w\" sizes=\"(max-width: 300px) 100vw, 300px\" \/>\t\t\t\t\t\t\t\t\t\t\t<figcaption class=\"widget-image-caption wp-caption-text\">RED BULL - RIO CONQUEST<\/figcaption>\n\t\t\t\t\t\t\t\t\t\t<\/figure>\n\t\t\t\t\t\t\t\t\t<\/div>\n\t\t\t\t<\/div>\n\t\t\t\t<div class=\"elementor-element elementor-element-cd67133 elementor-widget elementor-widget-image\" data-id=\"cd67133\" data-element_type=\"widget\" data-e-type=\"widget\" data-widget_type=\"image.default\">\n\t\t\t\t<div class=\"elementor-widget-container\">\n\t\t\t\t\t\t\t\t\t\t\t\t<figure class=\"wp-caption\">\n\t\t\t\t\t\t\t\t\t\t<img decoding=\"async\" width=\"300\" height=\"350\" src=\"https:\/\/softconfort.com.br\/wp-content\/uploads\/2023\/12\/1.png\" class=\"attachment-large size-large wp-image-323\" alt=\"\" srcset=\"https:\/\/softconfort.com.br\/wp-content\/uploads\/2023\/12\/1.png 300w, https:\/\/softconfort.com.br\/wp-content\/uploads\/2023\/12\/1-257x300.png 257w\" sizes=\"(max-width: 300px) 100vw, 300px\" \/>\t\t\t\t\t\t\t\t\t\t\t<figcaption class=\"widget-image-caption wp-caption-text\">ALLIANCE JIU JITSU<\/figcaption>\n\t\t\t\t\t\t\t\t\t\t<\/figure>\n\t\t\t\t\t\t\t\t\t<\/div>\n\t\t\t\t<\/div>\n\t\t\t\t<div class=\"elementor-element elementor-element-e845e98 elementor-widget elementor-widget-image\" data-id=\"e845e98\" data-element_type=\"widget\" data-e-type=\"widget\" data-widget_type=\"image.default\">\n\t\t\t\t<div class=\"elementor-widget-container\">\n\t\t\t\t\t\t\t\t\t\t\t\t<figure class=\"wp-caption\">\n\t\t\t\t\t\t\t\t\t\t<img loading=\"lazy\" decoding=\"async\" width=\"300\" height=\"350\" src=\"https:\/\/softconfort.com.br\/wp-content\/uploads\/2023\/12\/6.png\" class=\"attachment-large size-large wp-image-328\" alt=\"\" srcset=\"https:\/\/softconfort.com.br\/wp-content\/uploads\/2023\/12\/6.png 300w, https:\/\/softconfort.com.br\/wp-content\/uploads\/2023\/12\/6-257x300.png 257w\" sizes=\"(max-width: 300px) 100vw, 300px\" \/>\t\t\t\t\t\t\t\t\t\t\t<figcaption class=\"widget-image-caption wp-caption-text\">RIP CURL<\/figcaption>\n\t\t\t\t\t\t\t\t\t\t<\/figure>\n\t\t\t\t\t\t\t\t\t<\/div>\n\t\t\t\t<\/div>\n\t\t\t\t<div class=\"elementor-element elementor-element-ef0bb0e elementor-widget elementor-widget-image\" data-id=\"ef0bb0e\" data-element_type=\"widget\" data-e-type=\"widget\" data-widget_type=\"image.default\">\n\t\t\t\t<div class=\"elementor-widget-container\">\n\t\t\t\t\t\t\t\t\t\t\t\t<figure class=\"wp-caption\">\n\t\t\t\t\t\t\t\t\t\t<img loading=\"lazy\" decoding=\"async\" width=\"300\" height=\"350\" src=\"https:\/\/softconfort.com.br\/wp-content\/uploads\/2023\/12\/7.png\" class=\"attachment-large size-large wp-image-329\" alt=\"\" srcset=\"https:\/\/softconfort.com.br\/wp-content\/uploads\/2023\/12\/7.png 300w, https:\/\/softconfort.com.br\/wp-content\/uploads\/2023\/12\/7-257x300.png 257w\" sizes=\"(max-width: 300px) 100vw, 300px\" \/>\t\t\t\t\t\t\t\t\t\t\t<figcaption class=\"widget-image-caption wp-caption-text\">WSL<\/figcaption>\n\t\t\t\t\t\t\t\t\t\t<\/figure>\n\t\t\t\t\t\t\t\t\t<\/div>\n\t\t\t\t<\/div>\n\t\t\t\t<div class=\"elementor-element elementor-element-20ac269 elementor-widget elementor-widget-image\" data-id=\"20ac269\" data-element_type=\"widget\" data-e-type=\"widget\" data-widget_type=\"image.default\">\n\t\t\t\t<div class=\"elementor-widget-container\">\n\t\t\t\t\t\t\t\t\t\t\t\t<figure class=\"wp-caption\">\n\t\t\t\t\t\t\t\t\t\t<img loading=\"lazy\" decoding=\"async\" width=\"300\" height=\"350\" src=\"https:\/\/softconfort.com.br\/wp-content\/uploads\/2023\/12\/4.png\" class=\"attachment-large size-large wp-image-326\" alt=\"\" srcset=\"https:\/\/softconfort.com.br\/wp-content\/uploads\/2023\/12\/4.png 300w, https:\/\/softconfort.com.br\/wp-content\/uploads\/2023\/12\/4-257x300.png 257w\" sizes=\"(max-width: 300px) 100vw, 300px\" \/>\t\t\t\t\t\t\t\t\t\t\t<figcaption class=\"widget-image-caption wp-caption-text\">NATURAL ART<\/figcaption>\n\t\t\t\t\t\t\t\t\t\t<\/figure>\n\t\t\t\t\t\t\t\t\t<\/div>\n\t\t\t\t<\/div>\n\t\t\t\t<div class=\"elementor-element elementor-element-ee01086 elementor-widget elementor-widget-image\" data-id=\"ee01086\" data-element_type=\"widget\" data-e-type=\"widget\" data-widget_type=\"image.default\">\n\t\t\t\t<div class=\"elementor-widget-container\">\n\t\t\t\t\t\t\t\t\t\t\t\t<figure class=\"wp-caption\">\n\t\t\t\t\t\t\t\t\t\t<img loading=\"lazy\" decoding=\"async\" width=\"300\" height=\"350\" src=\"https:\/\/softconfort.com.br\/wp-content\/uploads\/2023\/12\/8.png\" class=\"attachment-large size-large wp-image-330\" alt=\"\" srcset=\"https:\/\/softconfort.com.br\/wp-content\/uploads\/2023\/12\/8.png 300w, https:\/\/softconfort.com.br\/wp-content\/uploads\/2023\/12\/8-257x300.png 257w\" sizes=\"(max-width: 300px) 100vw, 300px\" \/>\t\t\t\t\t\t\t\t\t\t\t<figcaption class=\"widget-image-caption wp-caption-text\">APPROVE<\/figcaption>\n\t\t\t\t\t\t\t\t\t\t<\/figure>\n\t\t\t\t\t\t\t\t\t<\/div>\n\t\t\t\t<\/div>\n\t\t\t\t<div class=\"elementor-element elementor-element-6e4e03e elementor-widget elementor-widget-image\" data-id=\"6e4e03e\" data-element_type=\"widget\" data-e-type=\"widget\" data-widget_type=\"image.default\">\n\t\t\t\t<div class=\"elementor-widget-container\">\n\t\t\t\t\t\t\t\t\t\t\t\t<figure class=\"wp-caption\">\n\t\t\t\t\t\t\t\t\t\t<img loading=\"lazy\" decoding=\"async\" width=\"300\" height=\"350\" src=\"https:\/\/softconfort.com.br\/wp-content\/uploads\/2023\/12\/2.png\" class=\"attachment-large size-large wp-image-324\" alt=\"\" srcset=\"https:\/\/softconfort.com.br\/wp-content\/uploads\/2023\/12\/2.png 300w, https:\/\/softconfort.com.br\/wp-content\/uploads\/2023\/12\/2-257x300.png 257w\" sizes=\"(max-width: 300px) 100vw, 300px\" \/>\t\t\t\t\t\t\t\t\t\t\t<figcaption class=\"widget-image-caption wp-caption-text\">CIRCUIT<\/figcaption>\n\t\t\t\t\t\t\t\t\t\t<\/figure>\n\t\t\t\t\t\t\t\t\t<\/div>\n\t\t\t\t<\/div>\n\t\t\t\t<div class=\"elementor-element elementor-element-d869adb elementor-widget elementor-widget-image\" data-id=\"d869adb\" data-element_type=\"widget\" data-e-type=\"widget\" data-widget_type=\"image.default\">\n\t\t\t\t<div class=\"elementor-widget-container\">\n\t\t\t\t\t\t\t\t\t\t\t\t<figure class=\"wp-caption\">\n\t\t\t\t\t\t\t\t\t\t<img decoding=\"async\" width=\"300\" height=\"350\" src=\"https:\/\/softconfort.com.br\/wp-content\/uploads\/2023\/12\/1.png\" class=\"attachment-large size-large wp-image-323\" alt=\"\" srcset=\"https:\/\/softconfort.com.br\/wp-content\/uploads\/2023\/12\/1.png 300w, https:\/\/softconfort.com.br\/wp-content\/uploads\/2023\/12\/1-257x300.png 257w\" sizes=\"(max-width: 300px) 100vw, 300px\" \/>\t\t\t\t\t\t\t\t\t\t\t<figcaption class=\"widget-image-caption wp-caption-text\">ALLIANCE JIU JITSU<\/figcaption>\n\t\t\t\t\t\t\t\t\t\t<\/figure>\n\t\t\t\t\t\t\t\t\t<\/div>\n\t\t\t\t<\/div>\n\t\t\t\t<div class=\"elementor-element elementor-element-49477e2 elementor-widget elementor-widget-image\" data-id=\"49477e2\" data-element_type=\"widget\" data-e-type=\"widget\" data-widget_type=\"image.default\">\n\t\t\t\t<div class=\"elementor-widget-container\">\n\t\t\t\t\t\t\t\t\t\t\t\t<figure class=\"wp-caption\">\n\t\t\t\t\t\t\t\t\t\t<img loading=\"lazy\" decoding=\"async\" width=\"800\" height=\"737\" src=\"https:\/\/softconfort.com.br\/wp-content\/uploads\/2024\/03\/WhatsApp-Image-2024-03-06-at-14.27.05-1024x943.jpeg\" class=\"attachment-large size-large wp-image-438\" alt=\"\" srcset=\"https:\/\/softconfort.com.br\/wp-content\/uploads\/2024\/03\/WhatsApp-Image-2024-03-06-at-14.27.05-1024x943.jpeg 1024w, https:\/\/softconfort.com.br\/wp-content\/uploads\/2024\/03\/WhatsApp-Image-2024-03-06-at-14.27.05-300x276.jpeg 300w, https:\/\/softconfort.com.br\/wp-content\/uploads\/2024\/03\/WhatsApp-Image-2024-03-06-at-14.27.05-768x708.jpeg 768w, https:\/\/softconfort.com.br\/wp-content\/uploads\/2024\/03\/WhatsApp-Image-2024-03-06-at-14.27.05.jpeg 1284w\" sizes=\"(max-width: 800px) 100vw, 800px\" \/>\t\t\t\t\t\t\t\t\t\t\t<figcaption class=\"widget-image-caption wp-caption-text\">ZIG<\/figcaption>\n\t\t\t\t\t\t\t\t\t\t<\/figure>\n\t\t\t\t\t\t\t\t\t<\/div>\n\t\t\t\t<\/div>\n\t\t\t\t<div class=\"elementor-element elementor-element-fe77ae5 elementor-widget elementor-widget-image\" data-id=\"fe77ae5\" data-element_type=\"widget\" data-e-type=\"widget\" data-widget_type=\"image.default\">\n\t\t\t\t<div class=\"elementor-widget-container\">\n\t\t\t\t\t\t\t\t\t\t\t\t<figure class=\"wp-caption\">\n\t\t\t\t\t\t\t\t\t\t<img loading=\"lazy\" decoding=\"async\" width=\"300\" height=\"350\" src=\"https:\/\/softconfort.com.br\/wp-content\/uploads\/2023\/12\/11.png\" class=\"attachment-large size-large wp-image-333\" alt=\"\" srcset=\"https:\/\/softconfort.com.br\/wp-content\/uploads\/2023\/12\/11.png 300w, https:\/\/softconfort.com.br\/wp-content\/uploads\/2023\/12\/11-257x300.png 257w\" sizes=\"(max-width: 300px) 100vw, 300px\" \/>\t\t\t\t\t\t\t\t\t\t\t<figcaption class=\"widget-image-caption wp-caption-text\">ROSAN<\/figcaption>\n\t\t\t\t\t\t\t\t\t\t<\/figure>\n\t\t\t\t\t\t\t\t\t<\/div>\n\t\t\t\t<\/div>\n\t\t\t\t<div class=\"elementor-element elementor-element-42118cb elementor-widget elementor-widget-image\" data-id=\"42118cb\" data-element_type=\"widget\" data-e-type=\"widget\" data-widget_type=\"image.default\">\n\t\t\t\t<div class=\"elementor-widget-container\">\n\t\t\t\t\t\t\t\t\t\t\t\t<figure class=\"wp-caption\">\n\t\t\t\t\t\t\t\t\t\t<img loading=\"lazy\" decoding=\"async\" width=\"800\" height=\"668\" src=\"https:\/\/softconfort.com.br\/wp-content\/uploads\/2024\/03\/logo-vulkan-1024x855.jpg\" class=\"attachment-large size-large wp-image-436\" alt=\"\" srcset=\"https:\/\/softconfort.com.br\/wp-content\/uploads\/2024\/03\/logo-vulkan-1024x855.jpg 1024w, https:\/\/softconfort.com.br\/wp-content\/uploads\/2024\/03\/logo-vulkan-300x251.jpg 300w, https:\/\/softconfort.com.br\/wp-content\/uploads\/2024\/03\/logo-vulkan-768x641.jpg 768w, https:\/\/softconfort.com.br\/wp-content\/uploads\/2024\/03\/logo-vulkan-1536x1283.jpg 1536w, https:\/\/softconfort.com.br\/wp-content\/uploads\/2024\/03\/logo-vulkan.jpg 1571w\" sizes=\"(max-width: 800px) 100vw, 800px\" \/>\t\t\t\t\t\t\t\t\t\t\t<figcaption class=\"widget-image-caption wp-caption-text\">VULKAN<\/figcaption>\n\t\t\t\t\t\t\t\t\t\t<\/figure>\n\t\t\t\t\t\t\t\t\t<\/div>\n\t\t\t\t<\/div>\n\t\t\t\t<div class=\"elementor-element elementor-element-4cc81e5 elementor-widget elementor-widget-image\" data-id=\"4cc81e5\" data-element_type=\"widget\" data-e-type=\"widget\" data-widget_type=\"image.default\">\n\t\t\t\t<div class=\"elementor-widget-container\">\n\t\t\t\t\t\t\t\t\t\t\t\t<figure class=\"wp-caption\">\n\t\t\t\t\t\t\t\t\t\t<img loading=\"lazy\" decoding=\"async\" width=\"754\" height=\"1024\" src=\"https:\/\/softconfort.com.br\/wp-content\/uploads\/2024\/03\/logo-escoteiros-754x1024.jpg\" class=\"attachment-large size-large wp-image-435\" alt=\"\" srcset=\"https:\/\/softconfort.com.br\/wp-content\/uploads\/2024\/03\/logo-escoteiros-754x1024.jpg 754w, https:\/\/softconfort.com.br\/wp-content\/uploads\/2024\/03\/logo-escoteiros-221x300.jpg 221w, https:\/\/softconfort.com.br\/wp-content\/uploads\/2024\/03\/logo-escoteiros-768x1043.jpg 768w, https:\/\/softconfort.com.br\/wp-content\/uploads\/2024\/03\/logo-escoteiros.jpg 1069w\" sizes=\"(max-width: 754px) 100vw, 754px\" \/>\t\t\t\t\t\t\t\t\t\t\t<figcaption class=\"widget-image-caption wp-caption-text\"><\/figcaption>\n\t\t\t\t\t\t\t\t\t\t<\/figure>\n\t\t\t\t\t\t\t\t\t<\/div>\n\t\t\t\t<\/div>\n\t\t\t\t<div class=\"elementor-element elementor-element-b0e3dd0 elementor-widget elementor-widget-image\" data-id=\"b0e3dd0\" data-element_type=\"widget\" data-e-type=\"widget\" data-widget_type=\"image.default\">\n\t\t\t\t<div class=\"elementor-widget-container\">\n\t\t\t\t\t\t\t\t\t\t\t\t<figure class=\"wp-caption\">\n\t\t\t\t\t\t\t\t\t\t<img loading=\"lazy\" decoding=\"async\" width=\"800\" height=\"330\" src=\"https:\/\/softconfort.com.br\/wp-content\/uploads\/2024\/03\/LOGO-DUX-2-1024x422.jpg\" class=\"attachment-large size-large wp-image-434\" alt=\"\" srcset=\"https:\/\/softconfort.com.br\/wp-content\/uploads\/2024\/03\/LOGO-DUX-2-1024x422.jpg 1024w, https:\/\/softconfort.com.br\/wp-content\/uploads\/2024\/03\/LOGO-DUX-2-300x123.jpg 300w, https:\/\/softconfort.com.br\/wp-content\/uploads\/2024\/03\/LOGO-DUX-2-768x316.jpg 768w, https:\/\/softconfort.com.br\/wp-content\/uploads\/2024\/03\/LOGO-DUX-2.jpg 1409w\" sizes=\"(max-width: 800px) 100vw, 800px\" \/>\t\t\t\t\t\t\t\t\t\t\t<figcaption class=\"widget-image-caption wp-caption-text\"><\/figcaption>\n\t\t\t\t\t\t\t\t\t\t<\/figure>\n\t\t\t\t\t\t\t\t\t<\/div>\n\t\t\t\t<\/div>\n\t\t\t\t<div class=\"elementor-element elementor-element-4e6cb01 elementor-widget elementor-widget-image\" data-id=\"4e6cb01\" data-element_type=\"widget\" data-e-type=\"widget\" data-widget_type=\"image.default\">\n\t\t\t\t<div class=\"elementor-widget-container\">\n\t\t\t\t\t\t\t\t\t\t\t\t<figure class=\"wp-caption\">\n\t\t\t\t\t\t\t\t\t\t<img loading=\"lazy\" decoding=\"async\" width=\"300\" height=\"350\" src=\"https:\/\/softconfort.com.br\/wp-content\/uploads\/2023\/12\/10.png\" class=\"attachment-large size-large wp-image-332\" alt=\"\" srcset=\"https:\/\/softconfort.com.br\/wp-content\/uploads\/2023\/12\/10.png 300w, https:\/\/softconfort.com.br\/wp-content\/uploads\/2023\/12\/10-257x300.png 257w\" sizes=\"(max-width: 300px) 100vw, 300px\" \/>\t\t\t\t\t\t\t\t\t\t\t<figcaption class=\"widget-image-caption wp-caption-text\">KEIKO<\/figcaption>\n\t\t\t\t\t\t\t\t\t\t<\/figure>\n\t\t\t\t\t\t\t\t\t<\/div>\n\t\t\t\t<\/div>\n\t\t\t\t<div class=\"elementor-element elementor-element-3916184 elementor-widget elementor-widget-image\" data-id=\"3916184\" data-element_type=\"widget\" data-e-type=\"widget\" data-widget_type=\"image.default\">\n\t\t\t\t<div class=\"elementor-widget-container\">\n\t\t\t\t\t\t\t\t\t\t\t\t<figure class=\"wp-caption\">\n\t\t\t\t\t\t\t\t\t\t<img loading=\"lazy\" decoding=\"async\" width=\"711\" height=\"710\" src=\"https:\/\/softconfort.com.br\/wp-content\/uploads\/2024\/03\/WhatsApp-Image-2024-03-06-at-15.13.47.jpeg\" class=\"attachment-large size-large wp-image-445\" alt=\"\" srcset=\"https:\/\/softconfort.com.br\/wp-content\/uploads\/2024\/03\/WhatsApp-Image-2024-03-06-at-15.13.47.jpeg 711w, https:\/\/softconfort.com.br\/wp-content\/uploads\/2024\/03\/WhatsApp-Image-2024-03-06-at-15.13.47-300x300.jpeg 300w, https:\/\/softconfort.com.br\/wp-content\/uploads\/2024\/03\/WhatsApp-Image-2024-03-06-at-15.13.47-150x150.jpeg 150w\" sizes=\"(max-width: 711px) 100vw, 711px\" \/>\t\t\t\t\t\t\t\t\t\t\t<figcaption class=\"widget-image-caption wp-caption-text\">OAK BERRY<\/figcaption>\n\t\t\t\t\t\t\t\t\t\t<\/figure>\n\t\t\t\t\t\t\t\t\t<\/div>\n\t\t\t\t<\/div>\n\t\t\t\t<div class=\"elementor-element elementor-element-1a57695 elementor-widget elementor-widget-image\" data-id=\"1a57695\" data-element_type=\"widget\" data-e-type=\"widget\" data-widget_type=\"image.default\">\n\t\t\t\t<div class=\"elementor-widget-container\">\n\t\t\t\t\t\t\t\t\t\t\t\t<figure class=\"wp-caption\">\n\t\t\t\t\t\t\t\t\t\t<img loading=\"lazy\" decoding=\"async\" width=\"800\" height=\"455\" src=\"https:\/\/softconfort.com.br\/wp-content\/uploads\/2024\/03\/WhatsApp-Image-2024-03-06-at-14.47.39-1024x583.jpeg\" class=\"attachment-large size-large wp-image-443\" alt=\"\" srcset=\"https:\/\/softconfort.com.br\/wp-content\/uploads\/2024\/03\/WhatsApp-Image-2024-03-06-at-14.47.39-1024x583.jpeg 1024w, https:\/\/softconfort.com.br\/wp-content\/uploads\/2024\/03\/WhatsApp-Image-2024-03-06-at-14.47.39-300x171.jpeg 300w, https:\/\/softconfort.com.br\/wp-content\/uploads\/2024\/03\/WhatsApp-Image-2024-03-06-at-14.47.39-768x437.jpeg 768w, https:\/\/softconfort.com.br\/wp-content\/uploads\/2024\/03\/WhatsApp-Image-2024-03-06-at-14.47.39-1536x875.jpeg 1536w, https:\/\/softconfort.com.br\/wp-content\/uploads\/2024\/03\/WhatsApp-Image-2024-03-06-at-14.47.39.jpeg 1600w\" sizes=\"(max-width: 800px) 100vw, 800px\" \/>\t\t\t\t\t\t\t\t\t\t\t<figcaption class=\"widget-image-caption wp-caption-text\">BULLGUER<\/figcaption>\n\t\t\t\t\t\t\t\t\t\t<\/figure>\n\t\t\t\t\t\t\t\t\t<\/div>\n\t\t\t\t<\/div>\n\t\t\t\t<div class=\"elementor-element elementor-element-33f3f4b elementor-widget elementor-widget-image\" data-id=\"33f3f4b\" data-element_type=\"widget\" data-e-type=\"widget\" data-widget_type=\"image.default\">\n\t\t\t\t<div class=\"elementor-widget-container\">\n\t\t\t\t\t\t\t\t\t\t\t\t<figure class=\"wp-caption\">\n\t\t\t\t\t\t\t\t\t\t<img loading=\"lazy\" decoding=\"async\" width=\"800\" height=\"112\" src=\"https:\/\/softconfort.com.br\/wp-content\/uploads\/2024\/03\/WhatsApp-Image-2024-03-06-at-14.50.59-1024x143.jpeg\" class=\"attachment-large size-large wp-image-444\" alt=\"\" srcset=\"https:\/\/softconfort.com.br\/wp-content\/uploads\/2024\/03\/WhatsApp-Image-2024-03-06-at-14.50.59-1024x143.jpeg 1024w, https:\/\/softconfort.com.br\/wp-content\/uploads\/2024\/03\/WhatsApp-Image-2024-03-06-at-14.50.59-300x42.jpeg 300w, https:\/\/softconfort.com.br\/wp-content\/uploads\/2024\/03\/WhatsApp-Image-2024-03-06-at-14.50.59-768x107.jpeg 768w, https:\/\/softconfort.com.br\/wp-content\/uploads\/2024\/03\/WhatsApp-Image-2024-03-06-at-14.50.59-1536x214.jpeg 1536w, https:\/\/softconfort.com.br\/wp-content\/uploads\/2024\/03\/WhatsApp-Image-2024-03-06-at-14.50.59.jpeg 1600w\" sizes=\"(max-width: 800px) 100vw, 800px\" \/>\t\t\t\t\t\t\t\t\t\t\t<figcaption class=\"widget-image-caption wp-caption-text\">DEUS EX MACHINA<\/figcaption>\n\t\t\t\t\t\t\t\t\t\t<\/figure>\n\t\t\t\t\t\t\t\t\t<\/div>\n\t\t\t\t<\/div>\n\t\t\t\t<div class=\"elementor-element elementor-element-266a37e elementor-widget elementor-widget-image\" data-id=\"266a37e\" data-element_type=\"widget\" data-e-type=\"widget\" data-widget_type=\"image.default\">\n\t\t\t\t<div class=\"elementor-widget-container\">\n\t\t\t\t\t\t\t\t\t\t\t\t<figure class=\"wp-caption\">\n\t\t\t\t\t\t\t\t\t\t<img loading=\"lazy\" decoding=\"async\" width=\"800\" height=\"578\" src=\"https:\/\/softconfort.com.br\/wp-content\/uploads\/2024\/03\/WhatsApp-Image-2024-03-06-at-15.17.51-1024x740.jpeg\" class=\"attachment-large size-large wp-image-448\" alt=\"\" srcset=\"https:\/\/softconfort.com.br\/wp-content\/uploads\/2024\/03\/WhatsApp-Image-2024-03-06-at-15.17.51-1024x740.jpeg 1024w, https:\/\/softconfort.com.br\/wp-content\/uploads\/2024\/03\/WhatsApp-Image-2024-03-06-at-15.17.51-300x217.jpeg 300w, https:\/\/softconfort.com.br\/wp-content\/uploads\/2024\/03\/WhatsApp-Image-2024-03-06-at-15.17.51-768x555.jpeg 768w, https:\/\/softconfort.com.br\/wp-content\/uploads\/2024\/03\/WhatsApp-Image-2024-03-06-at-15.17.51-1536x1110.jpeg 1536w, https:\/\/softconfort.com.br\/wp-content\/uploads\/2024\/03\/WhatsApp-Image-2024-03-06-at-15.17.51.jpeg 1600w\" sizes=\"(max-width: 800px) 100vw, 800px\" \/>\t\t\t\t\t\t\t\t\t\t\t<figcaption class=\"widget-image-caption wp-caption-text\">WORLD COMBAT<\/figcaption>\n\t\t\t\t\t\t\t\t\t\t<\/figure>\n\t\t\t\t\t\t\t\t\t<\/div>\n\t\t\t\t<\/div>\n\t\t\t\t<div class=\"elementor-element elementor-element-05874a5 elementor-widget elementor-widget-image\" data-id=\"05874a5\" data-element_type=\"widget\" data-e-type=\"widget\" data-widget_type=\"image.default\">\n\t\t\t\t<div class=\"elementor-widget-container\">\n\t\t\t\t\t\t\t\t\t\t\t\t<figure class=\"wp-caption\">\n\t\t\t\t\t\t\t\t\t\t<img loading=\"lazy\" decoding=\"async\" width=\"800\" height=\"558\" src=\"https:\/\/softconfort.com.br\/wp-content\/uploads\/2024\/03\/WhatsApp-Image-2024-03-06-at-15.16.15-1.jpeg\" class=\"attachment-large size-large wp-image-447\" alt=\"\" srcset=\"https:\/\/softconfort.com.br\/wp-content\/uploads\/2024\/03\/WhatsApp-Image-2024-03-06-at-15.16.15-1.jpeg 1018w, https:\/\/softconfort.com.br\/wp-content\/uploads\/2024\/03\/WhatsApp-Image-2024-03-06-at-15.16.15-1-300x209.jpeg 300w, https:\/\/softconfort.com.br\/wp-content\/uploads\/2024\/03\/WhatsApp-Image-2024-03-06-at-15.16.15-1-768x536.jpeg 768w\" sizes=\"(max-width: 800px) 100vw, 800px\" \/>\t\t\t\t\t\t\t\t\t\t\t<figcaption class=\"widget-image-caption wp-caption-text\">AMINO VITAL<\/figcaption>\n\t\t\t\t\t\t\t\t\t\t<\/figure>\n\t\t\t\t\t\t\t\t\t<\/div>\n\t\t\t\t<\/div>\n\t\t\t\t\t<\/div>\n\t\t\t\t<\/div>\n\t\t\t\t<\/div>\n\t\t","protected":false},"excerpt":{"rendered":"<p>Nossos Clientes Em nossa jornada compartilhada, criamos tend\u00eancias e elevamos cada pe\u00e7a a um patamar de excel\u00eancia, transformando tecidos em express\u00f5es \u00fanicas de sucesso. GRACIE BARRA RED BULL &#8211; RIO CONQUEST ALLIANCE JIU JITSU RIP CURL WSL NATURAL ART APPROVE CIRCUIT ALLIANCE JIU JITSU ZIG ROSAN VULKAN KEIKO OAK BERRY BULLGUER DEUS EX MACHINA WORLD [&hellip;]<\/p>\n","protected":false},"author":3,"featured_media":0,"parent":0,"menu_order":0,"comment_status":"closed","ping_status":"closed","template":"elementor_header_footer","meta":{"footnotes":""},"class_list":["post-261","page","type-page","status-publish","hentry"],"_links":{"self":[{"href":"https:\/\/softconfort.com.br\/index.php?rest_route=\/wp\/v2\/pages\/261","targetHints":{"allow":["GET"]}}],"collection":[{"href":"https:\/\/softconfort.com.br\/index.php?rest_route=\/wp\/v2\/pages"}],"about":[{"href":"https:\/\/softconfort.com.br\/index.php?rest_route=\/wp\/v2\/types\/page"}],"author":[{"embeddable":true,"href":"https:\/\/softconfort.com.br\/index.php?rest_route=\/wp\/v2\/users\/3"}],"replies":[{"embeddable":true,"href":"https:\/\/softconfort.com.br\/index.php?rest_route=%2Fwp%2Fv2%2Fcomments&post=261"}],"version-history":[{"count":7,"href":"https:\/\/softconfort.com.br\/index.php?rest_route=\/wp\/v2\/pages\/261\/revisions"}],"predecessor-version":[{"id":451,"href":"https:\/\/softconfort.com.br\/index.php?rest_route=\/wp\/v2\/pages\/261\/revisions\/451"}],"wp:attachment":[{"href":"https:\/\/softconfort.com.br\/index.php?rest_route=%2Fwp%2Fv2%2Fmedia&parent=261"}],"curies":[{"name":"wp","href":"https:\/\/api.w.org\/{rel}","templated":true}]}}