{"id":264,"date":"2023-11-18T19:55:10","date_gmt":"2023-11-18T22:55:10","guid":{"rendered":"https:\/\/softconfort.com.br\/?page_id=264"},"modified":"2024-03-06T00:22:28","modified_gmt":"2024-03-06T03:22:28","slug":"produtos","status":"publish","type":"page","link":"https:\/\/softconfort.com.br\/?page_id=264","title":{"rendered":"Produtos"},"content":{"rendered":"\t\t<div data-elementor-type=\"wp-page\" data-elementor-id=\"264\" class=\"elementor elementor-264\" data-elementor-post-type=\"page\">\n\t\t\t\t<div class=\"elementor-element elementor-element-b1068fd e-flex e-con-boxed e-con e-parent\" data-id=\"b1068fd\" data-element_type=\"container\" data-e-type=\"container\" data-settings=\"{&quot;background_background&quot;:&quot;classic&quot;}\">\n\t\t\t\t\t<div class=\"e-con-inner\">\n\t\t\t\t<div class=\"elementor-element elementor-element-a2adec0 elementor-widget elementor-widget-heading\" data-id=\"a2adec0\" data-element_type=\"widget\" data-e-type=\"widget\" data-widget_type=\"heading.default\">\n\t\t\t\t<div class=\"elementor-widget-container\">\n\t\t\t\t\t<h2 class=\"elementor-heading-title elementor-size-default\">PRINCIPAIS  PRODUTOS<\/h2>\t\t\t\t<\/div>\n\t\t\t\t<\/div>\n\t\t\t\t<div class=\"elementor-element elementor-element-b2e6d32 elementor-widget elementor-widget-heading\" data-id=\"b2e6d32\" data-element_type=\"widget\" data-e-type=\"widget\" data-widget_type=\"heading.default\">\n\t\t\t\t<div class=\"elementor-widget-container\">\n\t\t\t\t\t<h2 class=\"elementor-heading-title elementor-size-default\">Qualidade que Surpreende, Produtos que Encantam. Nossas produ\u00e7\u00f5es s\u00e3o cuidadosamente concebidas para ser o reflexo da excel\u00eancia em confec\u00e7\u00e3o, inspirando e destacando sua autenticidade.<\/h2>\t\t\t\t<\/div>\n\t\t\t\t<\/div>\n\t\t\t\t\t<\/div>\n\t\t\t\t<\/div>\n\t\t<div class=\"elementor-element elementor-element-40e4f4b e-flex e-con-boxed e-con e-parent\" data-id=\"40e4f4b\" data-element_type=\"container\" data-e-type=\"container\">\n\t\t\t\t\t<div class=\"e-con-inner\">\n\t\t<div class=\"elementor-element elementor-element-65cfe80 e-flex e-con-boxed e-con e-child\" data-id=\"65cfe80\" data-element_type=\"container\" data-e-type=\"container\">\n\t\t\t\t\t<div class=\"e-con-inner\">\n\t\t\t\t<div class=\"elementor-element elementor-element-8f7d1b9 elementor-widget__width-inherit elementor-position-top elementor-invisible elementor-widget elementor-widget-image-box\" data-id=\"8f7d1b9\" data-element_type=\"widget\" data-e-type=\"widget\" data-settings=\"{&quot;_animation&quot;:&quot;fadeIn&quot;}\" data-widget_type=\"image-box.default\">\n\t\t\t\t<div class=\"elementor-widget-container\">\n\t\t\t\t\t<div class=\"elementor-image-box-wrapper\"><figure class=\"elementor-image-box-img\"><img fetchpriority=\"high\" decoding=\"async\" width=\"600\" height=\"480\" src=\"https:\/\/softconfort.com.br\/wp-content\/uploads\/2024\/03\/rashguard-samurai-warrior-world-combat.png\" class=\"attachment-full size-full wp-image-417\" alt=\"\" srcset=\"https:\/\/softconfort.com.br\/wp-content\/uploads\/2024\/03\/rashguard-samurai-warrior-world-combat.png 600w, https:\/\/softconfort.com.br\/wp-content\/uploads\/2024\/03\/rashguard-samurai-warrior-world-combat-300x240.png 300w\" sizes=\"(max-width: 600px) 100vw, 600px\" \/><\/figure><div class=\"elementor-image-box-content\"><h3 class=\"elementor-image-box-title\">Rashguard<\/h3><p class=\"elementor-image-box-description\">For\u00e7a e estilo em cada movimento. Nossa rash guard de jiu-jitsu redefine a arte da luta com ousadia e desempenho.<\/p><\/div><\/div>\t\t\t\t<\/div>\n\t\t\t\t<\/div>\n\t\t\t\t<div class=\"elementor-element elementor-element-45c2215 elementor-widget__width-inherit elementor-position-top elementor-invisible elementor-widget elementor-widget-image-box\" data-id=\"45c2215\" data-element_type=\"widget\" data-e-type=\"widget\" data-settings=\"{&quot;_animation&quot;:&quot;fadeIn&quot;}\" data-widget_type=\"image-box.default\">\n\t\t\t\t<div class=\"elementor-widget-container\">\n\t\t\t\t\t<div class=\"elementor-image-box-wrapper\"><figure class=\"elementor-image-box-img\"><img decoding=\"async\" width=\"1080\" height=\"1920\" src=\"https:\/\/softconfort.com.br\/wp-content\/uploads\/2024\/03\/1.png\" class=\"attachment-full size-full wp-image-418\" alt=\"\" srcset=\"https:\/\/softconfort.com.br\/wp-content\/uploads\/2024\/03\/1.png 1080w, https:\/\/softconfort.com.br\/wp-content\/uploads\/2024\/03\/1-169x300.png 169w, https:\/\/softconfort.com.br\/wp-content\/uploads\/2024\/03\/1-576x1024.png 576w, https:\/\/softconfort.com.br\/wp-content\/uploads\/2024\/03\/1-768x1365.png 768w, https:\/\/softconfort.com.br\/wp-content\/uploads\/2024\/03\/1-864x1536.png 864w\" sizes=\"(max-width: 1080px) 100vw, 1080px\" \/><\/figure><div class=\"elementor-image-box-content\"><h3 class=\"elementor-image-box-title\">Lycra Surf<\/h3><p class=\"elementor-image-box-description\">Nossa Lycra de Surf \u00e9 projetada para aqueles que buscam mais do que uma simples pe\u00e7a de roupa,  \u00e9 um verdadeiro aliado para quaisquer atividades aqu\u00e1ticas.<\/p><\/div><\/div>\t\t\t\t<\/div>\n\t\t\t\t<\/div>\n\t\t\t\t<div class=\"elementor-element elementor-element-b28eb2f elementor-widget__width-inherit elementor-position-top elementor-invisible elementor-widget elementor-widget-image-box\" data-id=\"b28eb2f\" data-element_type=\"widget\" data-e-type=\"widget\" data-settings=\"{&quot;_animation&quot;:&quot;fadeIn&quot;}\" data-widget_type=\"image-box.default\">\n\t\t\t\t<div class=\"elementor-widget-container\">\n\t\t\t\t\t<div class=\"elementor-image-box-wrapper\"><figure class=\"elementor-image-box-img\"><img decoding=\"async\" width=\"1181\" height=\"1181\" src=\"https:\/\/softconfort.com.br\/wp-content\/uploads\/2024\/03\/Sem-Titulo-1.png\" class=\"attachment-full size-full wp-image-419\" alt=\"\" srcset=\"https:\/\/softconfort.com.br\/wp-content\/uploads\/2024\/03\/Sem-Titulo-1.png 1181w, https:\/\/softconfort.com.br\/wp-content\/uploads\/2024\/03\/Sem-Titulo-1-300x300.png 300w, https:\/\/softconfort.com.br\/wp-content\/uploads\/2024\/03\/Sem-Titulo-1-1024x1024.png 1024w, https:\/\/softconfort.com.br\/wp-content\/uploads\/2024\/03\/Sem-Titulo-1-150x150.png 150w, https:\/\/softconfort.com.br\/wp-content\/uploads\/2024\/03\/Sem-Titulo-1-768x768.png 768w\" sizes=\"(max-width: 1181px) 100vw, 1181px\" \/><\/figure><div class=\"elementor-image-box-content\"><h3 class=\"elementor-image-box-title\">Bon\u00e9<\/h3><p class=\"elementor-image-box-description\">Eleve seu estilo com nossos bon\u00e9s e buckets. Mais do que acess\u00f3rios, s\u00e3o express\u00f5es aut\u00eanticas de atitude. Fa\u00e7a sua declara\u00e7\u00e3o de moda, ouse ser notado.<\/p><\/div><\/div>\t\t\t\t<\/div>\n\t\t\t\t<\/div>\n\t\t\t\t\t<\/div>\n\t\t\t\t<\/div>\n\t\t\t\t\t<\/div>\n\t\t\t\t<\/div>\n\t\t<div class=\"elementor-element elementor-element-26157da e-flex e-con-boxed e-con e-parent\" data-id=\"26157da\" data-element_type=\"container\" data-e-type=\"container\">\n\t\t\t\t\t<div class=\"e-con-inner\">\n\t\t<div class=\"elementor-element elementor-element-c31ec91 e-flex e-con-boxed e-con e-child\" data-id=\"c31ec91\" data-element_type=\"container\" data-e-type=\"container\">\n\t\t\t\t\t<div class=\"e-con-inner\">\n\t\t\t\t<div class=\"elementor-element elementor-element-e7da309 elementor-widget__width-inherit elementor-position-top elementor-invisible elementor-widget elementor-widget-image-box\" data-id=\"e7da309\" data-element_type=\"widget\" data-e-type=\"widget\" data-settings=\"{&quot;_animation&quot;:&quot;fadeIn&quot;}\" data-widget_type=\"image-box.default\">\n\t\t\t\t<div class=\"elementor-widget-container\">\n\t\t\t\t\t<div class=\"elementor-image-box-wrapper\"><figure class=\"elementor-image-box-img\"><img loading=\"lazy\" decoding=\"async\" width=\"1071\" height=\"1622\" src=\"https:\/\/softconfort.com.br\/wp-content\/uploads\/2024\/03\/281721-1.webp\" class=\"attachment-full size-full wp-image-423\" alt=\"\" srcset=\"https:\/\/softconfort.com.br\/wp-content\/uploads\/2024\/03\/281721-1.webp 1071w, https:\/\/softconfort.com.br\/wp-content\/uploads\/2024\/03\/281721-1-198x300.webp 198w, https:\/\/softconfort.com.br\/wp-content\/uploads\/2024\/03\/281721-1-676x1024.webp 676w, https:\/\/softconfort.com.br\/wp-content\/uploads\/2024\/03\/281721-1-768x1163.webp 768w, https:\/\/softconfort.com.br\/wp-content\/uploads\/2024\/03\/281721-1-1014x1536.webp 1014w\" sizes=\"(max-width: 1071px) 100vw, 1071px\" \/><\/figure><div class=\"elementor-image-box-content\"><h3 class=\"elementor-image-box-title\">Bucket<\/h3><p class=\"elementor-image-box-description\">Eleve seu estilo com nossos bon\u00e9s e buckets. Mais do que acess\u00f3rios, s\u00e3o express\u00f5es aut\u00eanticas de atitude. Fa\u00e7a sua declara\u00e7\u00e3o de moda, ouse ser notado.<\/p><\/div><\/div>\t\t\t\t<\/div>\n\t\t\t\t<\/div>\n\t\t\t\t<div class=\"elementor-element elementor-element-0fe5e45 elementor-widget__width-inherit elementor-position-top elementor-invisible elementor-widget elementor-widget-image-box\" data-id=\"0fe5e45\" data-element_type=\"widget\" data-e-type=\"widget\" data-settings=\"{&quot;_animation&quot;:&quot;fadeIn&quot;}\" data-widget_type=\"image-box.default\">\n\t\t\t\t<div class=\"elementor-widget-container\">\n\t\t\t\t\t<div class=\"elementor-image-box-wrapper\"><figure class=\"elementor-image-box-img\"><img loading=\"lazy\" decoding=\"async\" width=\"3543\" height=\"3543\" src=\"https:\/\/softconfort.com.br\/wp-content\/uploads\/2024\/03\/022.png\" class=\"attachment-full size-full wp-image-420\" alt=\"\" srcset=\"https:\/\/softconfort.com.br\/wp-content\/uploads\/2024\/03\/022.png 3543w, https:\/\/softconfort.com.br\/wp-content\/uploads\/2024\/03\/022-300x300.png 300w, https:\/\/softconfort.com.br\/wp-content\/uploads\/2024\/03\/022-1024x1024.png 1024w, https:\/\/softconfort.com.br\/wp-content\/uploads\/2024\/03\/022-150x150.png 150w, https:\/\/softconfort.com.br\/wp-content\/uploads\/2024\/03\/022-768x768.png 768w, https:\/\/softconfort.com.br\/wp-content\/uploads\/2024\/03\/022-1536x1536.png 1536w, https:\/\/softconfort.com.br\/wp-content\/uploads\/2024\/03\/022-2048x2048.png 2048w\" sizes=\"(max-width: 3543px) 100vw, 3543px\" \/><\/figure><div class=\"elementor-image-box-content\"><h3 class=\"elementor-image-box-title\">Camiseta<\/h3><p class=\"elementor-image-box-description\">Elevando o seu visual. Estilo inconfund\u00edvel, express\u00e3o sem limites.<\/p><\/div><\/div>\t\t\t\t<\/div>\n\t\t\t\t<\/div>\n\t\t\t\t<div class=\"elementor-element elementor-element-9d5f5ce elementor-widget__width-inherit elementor-position-top elementor-invisible elementor-widget elementor-widget-image-box\" data-id=\"9d5f5ce\" data-element_type=\"widget\" data-e-type=\"widget\" data-settings=\"{&quot;_animation&quot;:&quot;fadeIn&quot;}\" data-widget_type=\"image-box.default\">\n\t\t\t\t<div class=\"elementor-widget-container\">\n\t\t\t\t\t<div class=\"elementor-image-box-wrapper\"><figure class=\"elementor-image-box-img\"><img loading=\"lazy\" decoding=\"async\" width=\"1080\" height=\"1920\" src=\"https:\/\/softconfort.com.br\/wp-content\/uploads\/2024\/03\/3.png\" class=\"attachment-full size-full wp-image-421\" alt=\"\" srcset=\"https:\/\/softconfort.com.br\/wp-content\/uploads\/2024\/03\/3.png 1080w, https:\/\/softconfort.com.br\/wp-content\/uploads\/2024\/03\/3-169x300.png 169w, https:\/\/softconfort.com.br\/wp-content\/uploads\/2024\/03\/3-576x1024.png 576w, https:\/\/softconfort.com.br\/wp-content\/uploads\/2024\/03\/3-768x1365.png 768w, https:\/\/softconfort.com.br\/wp-content\/uploads\/2024\/03\/3-864x1536.png 864w\" sizes=\"(max-width: 1080px) 100vw, 1080px\" \/><\/figure><div class=\"elementor-image-box-content\"><h3 class=\"elementor-image-box-title\">Bermuda<\/h3><p class=\"elementor-image-box-description\">Estilo compacto, impacto m\u00e1ximo. Bermudas que fazem a diferen\u00e7a.<\/p><\/div><\/div>\t\t\t\t<\/div>\n\t\t\t\t<\/div>\n\t\t\t\t\t<\/div>\n\t\t\t\t<\/div>\n\t\t\t\t\t<\/div>\n\t\t\t\t<\/div>\n\t\t\t\t<\/div>\n\t\t","protected":false},"excerpt":{"rendered":"<p>PRINCIPAIS PRODUTOS Qualidade que Surpreende, Produtos que Encantam. Nossas produ\u00e7\u00f5es s\u00e3o cuidadosamente concebidas para ser o reflexo da excel\u00eancia em confec\u00e7\u00e3o, inspirando e destacando sua autenticidade. Rashguard For\u00e7a e estilo em cada movimento. Nossa rash guard de jiu-jitsu redefine a arte da luta com ousadia e desempenho. Lycra Surf Nossa Lycra de Surf \u00e9 projetada [&hellip;]<\/p>\n","protected":false},"author":3,"featured_media":0,"parent":0,"menu_order":0,"comment_status":"closed","ping_status":"closed","template":"elementor_header_footer","meta":{"footnotes":""},"class_list":["post-264","page","type-page","status-publish","hentry"],"_links":{"self":[{"href":"https:\/\/softconfort.com.br\/index.php?rest_route=\/wp\/v2\/pages\/264","targetHints":{"allow":["GET"]}}],"collection":[{"href":"https:\/\/softconfort.com.br\/index.php?rest_route=\/wp\/v2\/pages"}],"about":[{"href":"https:\/\/softconfort.com.br\/index.php?rest_route=\/wp\/v2\/types\/page"}],"author":[{"embeddable":true,"href":"https:\/\/softconfort.com.br\/index.php?rest_route=\/wp\/v2\/users\/3"}],"replies":[{"embeddable":true,"href":"https:\/\/softconfort.com.br\/index.php?rest_route=%2Fwp%2Fv2%2Fcomments&post=264"}],"version-history":[{"count":7,"href":"https:\/\/softconfort.com.br\/index.php?rest_route=\/wp\/v2\/pages\/264\/revisions"}],"predecessor-version":[{"id":432,"href":"https:\/\/softconfort.com.br\/index.php?rest_route=\/wp\/v2\/pages\/264\/revisions\/432"}],"wp:attachment":[{"href":"https:\/\/softconfort.com.br\/index.php?rest_route=%2Fwp%2Fv2%2Fmedia&parent=264"}],"curies":[{"name":"wp","href":"https:\/\/api.w.org\/{rel}","templated":true}]}}