{"id":6,"date":"2021-09-22T18:03:51","date_gmt":"2021-09-22T21:03:51","guid":{"rendered":"https:\/\/softconfort.com.br\/?page_id=6"},"modified":"2024-03-07T09:56:11","modified_gmt":"2024-03-07T12:56:11","slug":"sobre","status":"publish","type":"page","link":"https:\/\/softconfort.com.br\/?page_id=6","title":{"rendered":"Sobre N\u00f3s"},"content":{"rendered":"\t\t<div data-elementor-type=\"wp-page\" data-elementor-id=\"6\" class=\"elementor elementor-6\" data-elementor-post-type=\"page\">\n\t\t\t\t<div class=\"elementor-element elementor-element-31a11d1 e-flex e-con-boxed e-con e-parent\" data-id=\"31a11d1\" data-element_type=\"container\" data-e-type=\"container\" data-settings=\"{&quot;background_background&quot;:&quot;classic&quot;}\">\n\t\t\t\t\t<div class=\"e-con-inner\">\n\t\t\t\t<div class=\"elementor-element elementor-element-00701fd elementor-widget elementor-widget-heading\" data-id=\"00701fd\" data-element_type=\"widget\" data-e-type=\"widget\" data-widget_type=\"heading.default\">\n\t\t\t\t<div class=\"elementor-widget-container\">\n\t\t\t\t\t<h2 class=\"elementor-heading-title elementor-size-default\"><b>Sobre N\u00f3s<\/b><\/h2>\t\t\t\t<\/div>\n\t\t\t\t<\/div>\n\t\t\t\t<div class=\"elementor-element elementor-element-06ae6d3 elementor-widget elementor-widget-image-box\" data-id=\"06ae6d3\" data-element_type=\"widget\" data-e-type=\"widget\" data-widget_type=\"image-box.default\">\n\t\t\t\t<div class=\"elementor-widget-container\">\n\t\t\t\t\t<div class=\"elementor-image-box-wrapper\"><div class=\"elementor-image-box-content\"><p class=\"elementor-image-box-description\">Softconfort \u00e9 uma empresa com 15 anos de experi\u00eancia na confec\u00e7\u00e3o de roupas e acess\u00f3rios. Com uma \u00e1rea de mais de 600m2, a Softconfort produz pe\u00e7as de alta qualidade para seus clientes.<\/p><\/div><\/div>\t\t\t\t<\/div>\n\t\t\t\t<\/div>\n\t\t\t\t<div class=\"elementor-element elementor-element-b443b08 elementor-widget elementor-widget-image-box\" data-id=\"b443b08\" data-element_type=\"widget\" data-e-type=\"widget\" data-widget_type=\"image-box.default\">\n\t\t\t\t<div class=\"elementor-widget-container\">\n\t\t\t\t\t<div class=\"elementor-image-box-wrapper\"><div class=\"elementor-image-box-content\"><p class=\"elementor-image-box-description\">A empresa se especializou na produ\u00e7\u00e3o de Rashguard, Lycra de Surf, Bon\u00e9s, Bermudas, dentre outros produtos, oferecendo uma ampla variedade de cores e modelos para atender \u00e0s necessidades de seus clientes.<\/p><\/div><\/div>\t\t\t\t<\/div>\n\t\t\t\t<\/div>\n\t\t\t\t<div class=\"elementor-element elementor-element-fe57bf4 elementor-widget elementor-widget-image-box\" data-id=\"fe57bf4\" data-element_type=\"widget\" data-e-type=\"widget\" data-widget_type=\"image-box.default\">\n\t\t\t\t<div class=\"elementor-widget-container\">\n\t\t\t\t\t<div class=\"elementor-image-box-wrapper\"><div class=\"elementor-image-box-content\"><p class=\"elementor-image-box-description\">Com um hist\u00f3rico de excel\u00eancia na produ\u00e7\u00e3o e atendimento ao cliente, a Softconfort se tornou uma refer\u00eancia no mercado, conquistando a fidelidade de seus clientes e expandindo sua atua\u00e7\u00e3o para outras regi\u00f5es.<\/p><\/div><\/div>\t\t\t\t<\/div>\n\t\t\t\t<\/div>\n\t\t\t\t<div class=\"elementor-element elementor-element-3f9fca0 elementor-widget elementor-widget-image-box\" data-id=\"3f9fca0\" data-element_type=\"widget\" data-e-type=\"widget\" data-widget_type=\"image-box.default\">\n\t\t\t\t<div class=\"elementor-widget-container\">\n\t\t\t\t\t<div class=\"elementor-image-box-wrapper\"><div class=\"elementor-image-box-content\"><p class=\"elementor-image-box-description\">A hist\u00f3ria da SoftConfort \u00e9 um exemplo de que, com paix\u00e3o, dedica\u00e7\u00e3o e trabalho duro, \u00e9 poss\u00edvel alcan\u00e7ar grandes sonhos. A empresa se tornou mais do que uma confec\u00e7\u00e3o de rashguard e roupas de treino, mas sim uma empresa que valoriza a disciplina, o respeito e a perseveran\u00e7a. A SoftConfort inspira e motiva milhares de pessoas a praticarem Jiu-Jitsu e outras esportes a buscarem seus objetivos com determina\u00e7\u00e3o.<\/p><\/div><\/div>\t\t\t\t<\/div>\n\t\t\t\t<\/div>\n\t\t\t\t<div class=\"elementor-element elementor-element-f2be3a0 elementor-widget elementor-widget-image-box\" data-id=\"f2be3a0\" data-element_type=\"widget\" data-e-type=\"widget\" data-widget_type=\"image-box.default\">\n\t\t\t\t<div class=\"elementor-widget-container\">\n\t\t\t\t\t<div class=\"elementor-image-box-wrapper\"><div class=\"elementor-image-box-content\"><p class=\"elementor-image-box-description\">A qualidade  dos produtos da SoftConfort come\u00e7ou a ser reconhecida pela comunidade do Jiu-Jitsu. As Rashguard produzidas se destacavam pela resist\u00eancia, pelo caimento perfeito e pelo design inovador. <\/p><\/div><\/div>\t\t\t\t<\/div>\n\t\t\t\t<\/div>\n\t\t\t\t<div class=\"elementor-element elementor-element-1326389 elementor-widget elementor-widget-image-box\" data-id=\"1326389\" data-element_type=\"widget\" data-e-type=\"widget\" data-widget_type=\"image-box.default\">\n\t\t\t\t<div class=\"elementor-widget-container\">\n\t\t\t\t\t<div class=\"elementor-image-box-wrapper\"><div class=\"elementor-image-box-content\"><p class=\"elementor-image-box-description\"><b>A consolida\u00e7\u00e3o da marca:<\/b><\/p><\/div><\/div>\t\t\t\t<\/div>\n\t\t\t\t<\/div>\n\t\t\t\t<div class=\"elementor-element elementor-element-8ca2abf elementor-widget elementor-widget-image-box\" data-id=\"8ca2abf\" data-element_type=\"widget\" data-e-type=\"widget\" data-widget_type=\"image-box.default\">\n\t\t\t\t<div class=\"elementor-widget-container\">\n\t\t\t\t\t<div class=\"elementor-image-box-wrapper\"><div class=\"elementor-image-box-content\"><p class=\"elementor-image-box-description\">Com o tempo, a SoftConfort se consolidou como uma das principais e mais expansiva organiza\u00e7\u00e3o de Jiu-Jitsu brasileiro que existe, entre outras marcas de Rashguard e roupas de treino do Brasil. A empresa expandiu sua produ\u00e7\u00e3o, diversificou sua linha de produtos e conquistou a confian\u00e7a de atletas renomados.<\/p><\/div><\/div>\t\t\t\t<\/div>\n\t\t\t\t<\/div>\n\t\t\t\t<div class=\"elementor-element elementor-element-fb22494 elementor-widget elementor-widget-image-box\" data-id=\"fb22494\" data-element_type=\"widget\" data-e-type=\"widget\" data-widget_type=\"image-box.default\">\n\t\t\t\t<div class=\"elementor-widget-container\">\n\t\t\t\t\t<div class=\"elementor-image-box-wrapper\"><div class=\"elementor-image-box-content\"><p class=\"elementor-image-box-description\"><b>O futuro promissor:<\/b><\/p><\/div><\/div>\t\t\t\t<\/div>\n\t\t\t\t<\/div>\n\t\t\t\t<div class=\"elementor-element elementor-element-8159519 elementor-widget elementor-widget-image-box\" data-id=\"8159519\" data-element_type=\"widget\" data-e-type=\"widget\" data-widget_type=\"image-box.default\">\n\t\t\t\t<div class=\"elementor-widget-container\">\n\t\t\t\t\t<div class=\"elementor-image-box-wrapper\"><div class=\"elementor-image-box-content\"><p class=\"elementor-image-box-description\">A SoftConfort segue em constante crescimento e inova\u00e7\u00e3o, sempre buscando oferecer produtos de alta qualidade e contribuir para o desenvolvimento do Jiu-Jitsu. A empresa investe em pesquisa e desenvolvimento, buscando aprimorar seus produtos e atender \u00e0s necessidades cada vez mais exigentes dos atletas.<\/p><\/div><\/div>\t\t\t\t<\/div>\n\t\t\t\t<\/div>\n\t\t\t\t<div class=\"elementor-element elementor-element-31473da elementor-widget elementor-widget-image-box\" data-id=\"31473da\" data-element_type=\"widget\" data-e-type=\"widget\" data-widget_type=\"image-box.default\">\n\t\t\t\t<div class=\"elementor-widget-container\">\n\t\t\t\t\t<div class=\"elementor-image-box-wrapper\"><div class=\"elementor-image-box-content\"><p class=\"elementor-image-box-description\"><b>Se voc\u00ea est\u00e1 procurando por produtos de alta qualidade e<\/b> <b>durabilidade,<\/b> <b>a Softconfort \u00e9 a escolha certa para voc\u00ea. Entre em contato conosco e descubra como podemos ajud\u00e1-lo a encontrar a solu\u00e7\u00e3o perfeita para suas necessidades em roupas e acess\u00f3rios.<\/b><\/p><\/div><\/div>\t\t\t\t<\/div>\n\t\t\t\t<\/div>\n\t\t\t\t\t<\/div>\n\t\t\t\t<\/div>\n\t\t<div class=\"elementor-element elementor-element-f0aa612 e-flex e-con-boxed e-con e-parent\" data-id=\"f0aa612\" data-element_type=\"container\" data-e-type=\"container\">\n\t\t\t\t\t<div class=\"e-con-inner\">\n\t\t\t\t<div class=\"elementor-element elementor-element-b250e81 elementor-pagination-type-bullets elementor-arrows-position-inside elementor-pagination-position-outside elementor-widget elementor-widget-n-carousel\" data-id=\"b250e81\" data-element_type=\"widget\" data-e-type=\"widget\" data-settings=\"{&quot;carousel_items&quot;:[{&quot;slide_title&quot;:&quot;COSTURA&quot;,&quot;_id&quot;:&quot;567a084&quot;},{&quot;slide_title&quot;:&quot;Alliance&quot;,&quot;_id&quot;:&quot;4957aa4&quot;},{&quot;slide_title&quot;:&quot;Slide #1&quot;,&quot;_id&quot;:&quot;29025d3&quot;},{&quot;slide_title&quot;:&quot;Slide #1&quot;,&quot;_id&quot;:&quot;8db8441&quot;},{&quot;slide_title&quot;:&quot;Slide #1&quot;,&quot;_id&quot;:&quot;d75b529&quot;},{&quot;slide_title&quot;:&quot;Slide #1&quot;,&quot;_id&quot;:&quot;752bdae&quot;}],&quot;slides_to_show&quot;:&quot;3&quot;,&quot;slides_to_show_tablet&quot;:&quot;2&quot;,&quot;slides_to_show_mobile&quot;:&quot;1&quot;,&quot;autoplay&quot;:&quot;yes&quot;,&quot;autoplay_speed&quot;:5000,&quot;pause_on_hover&quot;:&quot;yes&quot;,&quot;pause_on_interaction&quot;:&quot;yes&quot;,&quot;infinite&quot;:&quot;yes&quot;,&quot;speed&quot;:500,&quot;offset_sides&quot;:&quot;none&quot;,&quot;arrows&quot;:&quot;yes&quot;,&quot;pagination&quot;:&quot;bullets&quot;,&quot;image_spacing_custom&quot;:{&quot;unit&quot;:&quot;px&quot;,&quot;size&quot;:10,&quot;sizes&quot;:[]},&quot;image_spacing_custom_tablet&quot;:{&quot;unit&quot;:&quot;px&quot;,&quot;size&quot;:&quot;&quot;,&quot;sizes&quot;:[]},&quot;image_spacing_custom_mobile&quot;:{&quot;unit&quot;:&quot;px&quot;,&quot;size&quot;:&quot;&quot;,&quot;sizes&quot;:[]}}\" data-widget_type=\"nested-carousel.default\">\n\t\t\t\t<div class=\"elementor-widget-container\">\n\t\t\t\t\t\t\t<div class=\"e-n-carousel swiper\" role=\"region\" aria-roledescription=\"carousel\" aria-label=\"Carrossel\" dir=\"ltr\">\n\t\t\t<div class=\"swiper-wrapper\" aria-live=\"off\">\n\t\t\t\t\t\t\t\t\t\t<div class=\"swiper-slide\" data-slide=\"1\" role=\"group\" aria-roledescription=\"slide\" aria-label=\"1 de 6\">\n\t\t\t\t\t\t\t<div class=\"elementor-element elementor-element-3e438c2 e-flex e-con-boxed e-con e-child\" data-id=\"3e438c2\" data-element_type=\"container\" data-e-type=\"container\">\n\t\t\t\t\t<div class=\"e-con-inner\">\n\t\t\t\t<div class=\"elementor-element elementor-element-a58d705 elementor-widget elementor-widget-image\" data-id=\"a58d705\" data-element_type=\"widget\" data-e-type=\"widget\" data-widget_type=\"image.default\">\n\t\t\t\t<div class=\"elementor-widget-container\">\n\t\t\t\t\t\t\t\t\t\t\t\t\t\t\t<img fetchpriority=\"high\" decoding=\"async\" width=\"300\" height=\"350\" src=\"https:\/\/softconfort.com.br\/wp-content\/uploads\/2023\/12\/2-2.png\" class=\"attachment-full size-full wp-image-381\" alt=\"\" srcset=\"https:\/\/softconfort.com.br\/wp-content\/uploads\/2023\/12\/2-2.png 300w, https:\/\/softconfort.com.br\/wp-content\/uploads\/2023\/12\/2-2-257x300.png 257w\" sizes=\"(max-width: 300px) 100vw, 300px\" \/>\t\t\t\t\t\t\t\t\t\t\t\t\t\t\t<\/div>\n\t\t\t\t<\/div>\n\t\t\t\t\t<\/div>\n\t\t\t\t<\/div>\n\t\t\t\t\t\t\t\t<\/div>\n\t\t\t\t\t\t\t\t\t\t\t<div class=\"swiper-slide\" data-slide=\"2\" role=\"group\" aria-roledescription=\"slide\" aria-label=\"2 de 6\">\n\t\t\t\t\t\t\t<div class=\"elementor-element elementor-element-3937a54 e-flex e-con-boxed e-con e-child\" data-id=\"3937a54\" data-element_type=\"container\" data-e-type=\"container\">\n\t\t\t\t\t<div class=\"e-con-inner\">\n\t\t\t\t<div class=\"elementor-element elementor-element-9a6b780 elementor-widget elementor-widget-image\" data-id=\"9a6b780\" data-element_type=\"widget\" data-e-type=\"widget\" data-widget_type=\"image.default\">\n\t\t\t\t<div class=\"elementor-widget-container\">\n\t\t\t\t\t\t\t\t\t\t\t\t\t\t\t<img decoding=\"async\" width=\"300\" height=\"350\" src=\"https:\/\/softconfort.com.br\/wp-content\/uploads\/2023\/12\/1-2.png\" class=\"attachment-full size-full wp-image-380\" alt=\"\" srcset=\"https:\/\/softconfort.com.br\/wp-content\/uploads\/2023\/12\/1-2.png 300w, https:\/\/softconfort.com.br\/wp-content\/uploads\/2023\/12\/1-2-257x300.png 257w\" sizes=\"(max-width: 300px) 100vw, 300px\" \/>\t\t\t\t\t\t\t\t\t\t\t\t\t\t\t<\/div>\n\t\t\t\t<\/div>\n\t\t\t\t\t<\/div>\n\t\t\t\t<\/div>\n\t\t\t\t\t\t\t\t<\/div>\n\t\t\t\t\t\t\t\t\t\t\t<div class=\"swiper-slide\" data-slide=\"3\" role=\"group\" aria-roledescription=\"slide\" aria-label=\"3 de 6\">\n\t\t\t\t\t\t\t<div class=\"elementor-element elementor-element-8b96a45 e-flex e-con-boxed e-con e-child\" data-id=\"8b96a45\" data-element_type=\"container\" data-e-type=\"container\">\n\t\t\t\t\t<div class=\"e-con-inner\">\n\t\t\t\t<div class=\"elementor-element elementor-element-ff4d6bd elementor-widget elementor-widget-image\" data-id=\"ff4d6bd\" data-element_type=\"widget\" data-e-type=\"widget\" data-widget_type=\"image.default\">\n\t\t\t\t<div class=\"elementor-widget-container\">\n\t\t\t\t\t\t\t\t\t\t\t\t\t\t\t<img decoding=\"async\" width=\"300\" height=\"350\" src=\"https:\/\/softconfort.com.br\/wp-content\/uploads\/2023\/12\/3-2.png\" class=\"attachment-full size-full wp-image-382\" alt=\"\" srcset=\"https:\/\/softconfort.com.br\/wp-content\/uploads\/2023\/12\/3-2.png 300w, https:\/\/softconfort.com.br\/wp-content\/uploads\/2023\/12\/3-2-257x300.png 257w\" sizes=\"(max-width: 300px) 100vw, 300px\" \/>\t\t\t\t\t\t\t\t\t\t\t\t\t\t\t<\/div>\n\t\t\t\t<\/div>\n\t\t\t\t\t<\/div>\n\t\t\t\t<\/div>\n\t\t\t\t\t\t\t\t<\/div>\n\t\t\t\t\t\t\t\t\t\t\t<div class=\"swiper-slide\" data-slide=\"4\" role=\"group\" aria-roledescription=\"slide\" aria-label=\"4 de 6\">\n\t\t\t\t\t\t\t<div class=\"elementor-element elementor-element-1bd0f8d e-flex e-con-boxed e-con e-child\" data-id=\"1bd0f8d\" data-element_type=\"container\" data-e-type=\"container\">\n\t\t\t\t\t<div class=\"e-con-inner\">\n\t\t\t\t<div class=\"elementor-element elementor-element-8c735ed elementor-widget elementor-widget-image\" data-id=\"8c735ed\" data-element_type=\"widget\" data-e-type=\"widget\" data-widget_type=\"image.default\">\n\t\t\t\t<div class=\"elementor-widget-container\">\n\t\t\t\t\t\t\t\t\t\t\t\t\t\t\t<img loading=\"lazy\" decoding=\"async\" width=\"300\" height=\"350\" src=\"https:\/\/softconfort.com.br\/wp-content\/uploads\/2023\/12\/4-2.png\" class=\"attachment-full size-full wp-image-383\" alt=\"\" srcset=\"https:\/\/softconfort.com.br\/wp-content\/uploads\/2023\/12\/4-2.png 300w, https:\/\/softconfort.com.br\/wp-content\/uploads\/2023\/12\/4-2-257x300.png 257w\" sizes=\"(max-width: 300px) 100vw, 300px\" \/>\t\t\t\t\t\t\t\t\t\t\t\t\t\t\t<\/div>\n\t\t\t\t<\/div>\n\t\t\t\t\t<\/div>\n\t\t\t\t<\/div>\n\t\t\t\t\t\t\t\t<\/div>\n\t\t\t\t\t\t\t\t\t\t\t<div class=\"swiper-slide\" data-slide=\"5\" role=\"group\" aria-roledescription=\"slide\" aria-label=\"5 de 6\">\n\t\t\t\t\t\t\t<div class=\"elementor-element elementor-element-6d350bf e-flex e-con-boxed e-con e-child\" data-id=\"6d350bf\" data-element_type=\"container\" data-e-type=\"container\">\n\t\t\t\t\t<div class=\"e-con-inner\">\n\t\t\t\t<div class=\"elementor-element elementor-element-ccf5ba5 elementor-widget elementor-widget-image\" data-id=\"ccf5ba5\" data-element_type=\"widget\" data-e-type=\"widget\" data-widget_type=\"image.default\">\n\t\t\t\t<div class=\"elementor-widget-container\">\n\t\t\t\t\t\t\t\t\t\t\t\t\t\t\t<img loading=\"lazy\" decoding=\"async\" width=\"300\" height=\"350\" src=\"https:\/\/softconfort.com.br\/wp-content\/uploads\/2023\/12\/6-2.png\" class=\"attachment-full size-full wp-image-379\" alt=\"\" srcset=\"https:\/\/softconfort.com.br\/wp-content\/uploads\/2023\/12\/6-2.png 300w, https:\/\/softconfort.com.br\/wp-content\/uploads\/2023\/12\/6-2-257x300.png 257w\" sizes=\"(max-width: 300px) 100vw, 300px\" \/>\t\t\t\t\t\t\t\t\t\t\t\t\t\t\t<\/div>\n\t\t\t\t<\/div>\n\t\t\t\t\t<\/div>\n\t\t\t\t<\/div>\n\t\t\t\t\t\t\t\t<\/div>\n\t\t\t\t\t\t\t\t\t\t\t<div class=\"swiper-slide\" data-slide=\"6\" role=\"group\" aria-roledescription=\"slide\" aria-label=\"6 de 6\">\n\t\t\t\t\t\t\t<div class=\"elementor-element elementor-element-fdf330b e-flex e-con-boxed e-con e-child\" data-id=\"fdf330b\" data-element_type=\"container\" data-e-type=\"container\">\n\t\t\t\t\t<div class=\"e-con-inner\">\n\t\t\t\t<div class=\"elementor-element elementor-element-f2e1ed8 elementor-widget elementor-widget-image\" data-id=\"f2e1ed8\" data-element_type=\"widget\" data-e-type=\"widget\" data-widget_type=\"image.default\">\n\t\t\t\t<div class=\"elementor-widget-container\">\n\t\t\t\t\t\t\t\t\t\t\t\t\t\t\t<img loading=\"lazy\" decoding=\"async\" width=\"300\" height=\"350\" src=\"https:\/\/softconfort.com.br\/wp-content\/uploads\/2023\/12\/5-2.png\" class=\"attachment-full size-full wp-image-378\" alt=\"\" srcset=\"https:\/\/softconfort.com.br\/wp-content\/uploads\/2023\/12\/5-2.png 300w, https:\/\/softconfort.com.br\/wp-content\/uploads\/2023\/12\/5-2-257x300.png 257w\" sizes=\"(max-width: 300px) 100vw, 300px\" \/>\t\t\t\t\t\t\t\t\t\t\t\t\t\t\t<\/div>\n\t\t\t\t<\/div>\n\t\t\t\t\t<\/div>\n\t\t\t\t<\/div>\n\t\t\t\t\t\t\t\t<\/div>\n\t\t\t\t\t\t\t\t<\/div>\n\t\t<\/div>\n\t\t\t\t\t<div class=\"elementor-swiper-button elementor-swiper-button-prev\" role=\"button\" tabindex=\"0\" aria-label=\"Anterior\">\n\t\t\t\t<i aria-hidden=\"true\" class=\"eicon-chevron-left\"><\/i>\t\t\t<\/div>\n\t\t\t<div class=\"elementor-swiper-button elementor-swiper-button-next\" role=\"button\" tabindex=\"0\" aria-label=\"Pr\u00f3ximo\">\n\t\t\t\t<i aria-hidden=\"true\" class=\"eicon-chevron-right\"><\/i>\t\t\t<\/div>\n\t\t\t\t\t<div class=\"swiper-pagination\"><\/div>\n\t\t\t\t\t\t<\/div>\n\t\t\t\t<\/div>\n\t\t\t\t\t<\/div>\n\t\t\t\t<\/div>\n\t\t\t\t<\/div>\n\t\t","protected":false},"excerpt":{"rendered":"<p>Sobre N\u00f3s Softconfort \u00e9 uma empresa com 15 anos de experi\u00eancia na confec\u00e7\u00e3o de roupas e acess\u00f3rios. Com uma \u00e1rea de mais de 600m2, a Softconfort produz pe\u00e7as de alta qualidade para seus clientes. A empresa se especializou na produ\u00e7\u00e3o de Rashguard, Lycra de Surf, Bon\u00e9s, Bermudas, dentre outros produtos, oferecendo uma ampla variedade de [&hellip;]<\/p>\n","protected":false},"author":1,"featured_media":0,"parent":0,"menu_order":0,"comment_status":"closed","ping_status":"closed","template":"elementor_header_footer","meta":{"footnotes":""},"class_list":["post-6","page","type-page","status-publish","hentry"],"_links":{"self":[{"href":"https:\/\/softconfort.com.br\/index.php?rest_route=\/wp\/v2\/pages\/6","targetHints":{"allow":["GET"]}}],"collection":[{"href":"https:\/\/softconfort.com.br\/index.php?rest_route=\/wp\/v2\/pages"}],"about":[{"href":"https:\/\/softconfort.com.br\/index.php?rest_route=\/wp\/v2\/types\/page"}],"author":[{"embeddable":true,"href":"https:\/\/softconfort.com.br\/index.php?rest_route=\/wp\/v2\/users\/1"}],"replies":[{"embeddable":true,"href":"https:\/\/softconfort.com.br\/index.php?rest_route=%2Fwp%2Fv2%2Fcomments&post=6"}],"version-history":[{"count":17,"href":"https:\/\/softconfort.com.br\/index.php?rest_route=\/wp\/v2\/pages\/6\/revisions"}],"predecessor-version":[{"id":471,"href":"https:\/\/softconfort.com.br\/index.php?rest_route=\/wp\/v2\/pages\/6\/revisions\/471"}],"wp:attachment":[{"href":"https:\/\/softconfort.com.br\/index.php?rest_route=%2Fwp%2Fv2%2Fmedia&parent=6"}],"curies":[{"name":"wp","href":"https:\/\/api.w.org\/{rel}","templated":true}]}}